{"id":3259,"date":"2016-11-15T14:52:33","date_gmt":"2016-11-15T14:52:33","guid":{"rendered":"http:\/\/ravingroup.org\/main-page\/"},"modified":"2024-05-30T09:02:35","modified_gmt":"2024-05-30T06:02:35","slug":"main-page","status":"publish","type":"page","link":"https:\/\/ravingroup.org\/en\/","title":{"rendered":"Anasayfa"},"content":{"rendered":"<div class=\"wpb-content-wrapper\"><p>[vc_row][vc_column][rev_slider_vc alias=&#8221;slider-1&#8243;][\/vc_column][\/vc_row][vc_row css=&#8221;.vc_custom_1501236257880{padding-top: 70px !important;padding-bottom: 80px !important;}&#8221;][vc_column][vc_gallery type=&#8221;image_grid&#8221; images=&#8221;3729,3731,3733,3727,3725,3805,3803,3801&#8243; img_size=&#8221;350&#215;350&#8243;]\t\r\n\t<div class=\"lc_vc_section_title text_center\">\r\n\t\t<h2 class=\"section_title\"><\/h2>\r\n\t\t<h4 class=\"section_subtitle\">Takipte Kal\u0131n<\/h4>\r\n\t<\/div>\r\n\t\r\n\t[vc_row_inner][vc_column_inner width=&#8221;1\/2&#8243;]\t\r\n\t<div class=\"lc_vc_section_title text_center\">\r\n\t\t<h2 class=\"section_title\">Ravin' <span class=\"lc_vibrant_color\">Group<\/span><\/h2>\r\n\t\t<h4 class=\"section_subtitle\">Soundcloud<\/h4>\r\n\t<\/div>\r\n\t\r\n\t[vc_column_text]<iframe loading=\"lazy\" src=\"https:\/\/w.soundcloud.com\/player\/?url=https%3A\/\/api.soundcloud.com\/users\/142050622&amp;color=%23ff5500&amp;auto_play=true&amp;hide_related=false&amp;show_comments=true&amp;show_user=true&amp;show_reposts=false&amp;show_teaser=true&amp;visual=true\" width=\"100%\" height=\"300\" frameborder=\"no\" scrolling=\"no\"><\/iframe>[\/vc_column_text][vc_single_image image=&#8221;2920&#8243; img_size=&#8221;full&#8221;][\/vc_column_inner][vc_column_inner width=&#8221;1\/2&#8243;]\t\r\n\t<div class=\"lc_vc_section_title text_center\">\r\n\t\t<h2 class=\"section_title\">An\u0131l <span class=\"lc_vibrant_color\">Vardareli<\/span><\/h2>\r\n\t\t<h4 class=\"section_subtitle\">Soundcloud<\/h4>\r\n\t<\/div>\r\n\t\r\n\t[vc_column_text]<\/p>\n<p style=\"text-align: center;\"><iframe loading=\"lazy\" src=\"https:\/\/w.soundcloud.com\/player\/?url=https%3A\/\/api.soundcloud.com\/users\/34765603&amp;color=%23d7d0cc&amp;auto_play=false&amp;hide_related=false&amp;show_comments=true&amp;show_user=true&amp;show_reposts=false&amp;show_teaser=true&amp;visual=true\" width=\"100%\" height=\"300\" frameborder=\"no\" scrolling=\"no\" data-mce-fragment=\"1\"><\/iframe><\/p>\n<p>[\/vc_column_text][vc_single_image image=&#8221;3115&#8243; img_size=&#8221;full&#8221;][\/vc_column_inner][\/vc_row_inner][\/vc_column][\/vc_row][vc_row full_width=&#8221;stretch_row&#8221; js_color_overlay=&#8221;#ffffff&#8221; lc_swp_row_color_scheme=&#8221;black_on_white&#8221;][vc_column][vc_empty_space][vc_empty_space][vc_row_inner disable_element=&#8221;yes&#8221;][vc_column_inner width=&#8221;1\/4&#8243;][\/vc_column_inner][vc_column_inner width=&#8221;1\/4&#8243;][vc_single_image image=&#8221;3172&#8243; img_size=&#8221;270*480&#8243; alignment=&#8221;center&#8221; onclick=&#8221;link_image&#8221;][\/vc_column_inner][vc_column_inner width=&#8221;1\/4&#8243;][vc_empty_space height=&#8221;64px&#8221;][vc_empty_space height=&#8221;64px&#8221;][vc_column_text]<div class=\"hurrytimer-cdt hurrytimer-cdt--3184 hurrytimer-campaign hurryt-loading hurrytimer-campaign-3184\" data-config=\"{&quot;id&quot;:3184,&quot;run_in_background&quot;:false,&quot;sticky&quot;:false,&quot;product_ids&quot;:[],&quot;actions&quot;:[{&quot;id&quot;:1,&quot;redirectUrl&quot;:&quot;&quot;,&quot;message&quot;:&quot;&quot;,&quot;coupon&quot;:&quot;&quot;,&quot;wcStockStatus&quot;:&quot;instock&quot;}],&quot;template&quot;:&quot;&lt;div class=\\&quot;hurrytimer-timer-block hurrytimer-cdt__dur\\&quot;&gt;&lt;div class=\\&quot;hurrytimer-timer-digit hurrytimer-cdt__time\\&quot;&gt;%D&lt;\\\/div&gt;&lt;div class=\\&quot;hurrytimer-timer-label hurrytimer-cdt__label\\&quot; &gt;days&lt;\\\/div&gt;&lt;\\\/div&gt;&lt;div class=\\&quot;hurrytimer-cdt__sep hurrytimer-timer-sep\\&quot;&gt;:&lt;\\\/div&gt;&lt;div class=\\&quot;hurrytimer-timer-block hurrytimer-cdt__dur\\&quot;&gt;&lt;div class=\\&quot;hurrytimer-timer-digit hurrytimer-cdt__time\\&quot;&gt;%H&lt;\\\/div&gt;&lt;div class=\\&quot;hurrytimer-timer-label hurrytimer-cdt__label\\&quot; &gt;hrs&lt;\\\/div&gt;&lt;\\\/div&gt;&lt;div class=\\&quot;hurrytimer-cdt__sep hurrytimer-timer-sep\\&quot;&gt;:&lt;\\\/div&gt;&lt;div class=\\&quot;hurrytimer-timer-block hurrytimer-cdt__dur\\&quot;&gt;&lt;div class=\\&quot;hurrytimer-timer-digit hurrytimer-cdt__time\\&quot;&gt;%M&lt;\\\/div&gt;&lt;div class=\\&quot;hurrytimer-timer-label hurrytimer-cdt__label\\&quot; &gt;mins&lt;\\\/div&gt;&lt;\\\/div&gt;&lt;div class=\\&quot;hurrytimer-cdt__sep hurrytimer-timer-sep\\&quot;&gt;:&lt;\\\/div&gt;&lt;div class=\\&quot;hurrytimer-timer-block hurrytimer-cdt__dur\\&quot;&gt;&lt;div class=\\&quot;hurrytimer-timer-digit hurrytimer-cdt__time\\&quot;&gt;%S&lt;\\\/div&gt;&lt;div class=\\&quot;hurrytimer-timer-label hurrytimer-cdt__label\\&quot; &gt;secs&lt;\\\/div&gt;&lt;\\\/div&gt;&quot;,&quot;methods&quot;:[1,2],&quot;mode&quot;:&quot;one_time&quot;,&quot;sticky_bar_hide_timeout&quot;:7,&quot;recurr&quot;:false,&quot;timeToNextRecurrence&quot;:0,&quot;isRegular&quot;:true,&quot;endDate&quot;:1571498940000}\" ><div class=\"hurrytimer-cdt__headline hurrytimer-headline\">Hurry Up!<\/div><div class=\"hurrytimer-cdt__inner hurrytimer-timer\"><\/div><\/div><br \/>\n[\/vc_column_text][\/vc_column_inner][vc_column_inner width=&#8221;1\/4&#8243;][\/vc_column_inner][\/vc_row_inner][vc_row_inner][vc_column_inner width=&#8221;1\/4&#8243;][\/vc_column_inner][vc_column_inner width=&#8221;1\/4&#8243;][\/vc_column_inner][\/vc_row_inner][\/vc_column][\/vc_row][vc_row disable_element=&#8221;yes&#8221; css=&#8221;.vc_custom_1568591624459{padding-top: 70px !important;padding-bottom: 80px !important;}&#8221;][vc_column]\t<div class=\"lc_swp_boxed lc_wave_player_container\" data-wavecol=\"#f9c270\" data-waveprogcol=\"#fbaf40\" data-autoplay=\"no\">\r\n\t\t<div class=\"cover_and_wave clearfix\">\r\n\t\t\t\t\t\t<div class=\"wave_player_cover\">\r\n\t\t\t\t<img loading=\"lazy\" decoding=\"async\" width=\"500\" height=\"500\" src=\"https:\/\/ravingroup.org\/wp-content\/uploads\/2019\/03\/anil-vardareli.png\" class=\"attachment-full size-full\" alt=\"\" srcset=\"https:\/\/ravingroup.org\/wp-content\/uploads\/2019\/03\/anil-vardareli.png 500w, https:\/\/ravingroup.org\/wp-content\/uploads\/2019\/03\/anil-vardareli-150x150.png 150w, https:\/\/ravingroup.org\/wp-content\/uploads\/2019\/03\/anil-vardareli-300x300.png 300w\" sizes=\"auto, (max-width: 500px) 100vw, 500px\" \/>\t\t\t<\/div>\r\n\t\t\t\r\n\t\t\t<div class=\"lc_waveform_container\">\r\n\t\t\t\t<div class=\"lc_player_controls\">\r\n\t\t\t\t\t<i class=\"fa fa-step-backward\"><\/i>\r\n\t\t\t\t\t<i class=\"fa fa-play-circle lc_vibrant_color\"><\/i>\r\n\t\t\t\t\t<i class=\"fa fa-pause-circle\"><\/i>\r\n\t\t\t\t\t<i class=\"fa fa-step-forward\"><\/i>\r\n\t\t\t\t<\/div>\r\n\r\n\t\t\t\t<div class=\"lc_waveform\" id=\"wave_69f5c5dd2eb1e\">\r\n\t\t\t\t\t<div class=\"progress_bar\"><\/div>\r\n\t\t\t\t<\/div>\r\n\r\n\t\t\t<div class=\"wave_music_content\">\r\n\t\t\t\t\t\r\n\t<div class=\"wave_player_entry clearfix\" data-mediafile=\"https:\/\/ravingroup.org\/wp-content\/uploads\/2016\/11\/Tinashe-Superlove.mp3\">\r\n\t\t<span class=\"wave_song_details\">\r\n\t\t\t<span class=\"play_icon\">\r\n\t\t\t\t<i class=\"fa fa-play\"><\/i>\r\n\t\t\t<\/span>\r\n\t\t\t<span class=\"wave_artist_name\">\r\n\t\t\t\tTinashee\t\t\t<\/span>\r\n\r\n\t\t\t<span class=\"name_artist_sep\">\r\n\t\t\t&ndash;\r\n\t\t\t<\/span>\r\n\r\n\t\t\t<span class=\"wave_song_name\">\r\n\t\t\t\tSuperlove\t\t\t<\/span>\r\n\t\t<\/span>\r\n\r\n\t\t\t\t<span class=\"wave_song_action lc_js_link\" data-target=\"_blank\" data-href=\"http:\/\/smartwpress.com\/lucille5\/\">\r\n\t\t\tbuy\t\t<\/span>\r\n\t\t\t\t\r\n\t<\/div>\r\n\r\n\t\r\n\t<div class=\"wave_player_entry clearfix\" data-mediafile=\"https:\/\/ravingroup.org\/wp-content\/uploads\/2016\/11\/The-Rolling-Stones-Paint-It-Black.mp3\">\r\n\t\t<span class=\"wave_song_details\">\r\n\t\t\t<span class=\"play_icon\">\r\n\t\t\t\t<i class=\"fa fa-play\"><\/i>\r\n\t\t\t<\/span>\r\n\t\t\t<span class=\"wave_artist_name\">\r\n\t\t\t\tThe Rolling Stones\t\t\t<\/span>\r\n\r\n\t\t\t<span class=\"name_artist_sep\">\r\n\t\t\t&ndash;\r\n\t\t\t<\/span>\r\n\r\n\t\t\t<span class=\"wave_song_name\">\r\n\t\t\t\tPaint it Black\t\t\t<\/span>\r\n\t\t<\/span>\r\n\r\n\t\t\t\t<span class=\"wave_song_action lc_js_link\" data-target=\"_blank\" data-href=\"http:\/\/smartwpress.com\/lucille5\/\">\r\n\t\t\tbuy\t\t<\/span>\r\n\t\t\t\t\r\n\t<\/div>\r\n\r\n\t\t\t<\/div>\r\n\t\t\t<\/div>\r\n\t\t<\/div>\r\n\t<\/div>\r\n[\/vc_column][\/vc_row][vc_row disable_element=&#8221;yes&#8221; js_color_overlay=&#8221;#ececec&#8221;][vc_column css=&#8221;.vc_custom_1479811878528{margin-top: 0px !important;}&#8221;][vc_row_inner css=&#8221;.vc_custom_1479812469116{margin-top: 80px !important;margin-bottom: 60px !important;}&#8221;][vc_column_inner]\t\r\n\t<div class=\"lc_vc_section_title text_center\">\r\n\t\t<h2 class=\"section_title\">Upcoming <span class=\"lc_vibrant_color\">Shows<\/span><\/h2>\r\n\t\t<h4 class=\"section_subtitle\">Tour dates 2017<\/h4>\r\n\t<\/div>\r\n\t\r\n\t[\/vc_column_inner][\/vc_row_inner][vc_row_inner css=&#8221;.vc_custom_1479812495937{margin-top: 80px !important;margin-bottom: 80px !important;}&#8221;][vc_column_inner][\/vc_column_inner][\/vc_row_inner][\/vc_column][\/vc_row][vc_row js_color_overlay=&#8221;#f3f1f2&#8243; lc_swp_row_color_scheme=&#8221;black_on_white&#8221;][vc_column][vc_row_inner css=&#8221;.vc_custom_1480013705392{margin-top: 80px !important;margin-bottom: 60px !important;}&#8221;][vc_column_inner]\t\r\n\t<div class=\"lc_vc_section_title text_center\">\r\n\t\t<h2 class=\"section_title\">Ravin' <span class=\"lc_vibrant_color\">Etkinlik<\/span><\/h2>\r\n\t\t<h4 class=\"section_subtitle\">Flyerlar\u0131<\/h4>\r\n\t<\/div>\r\n\t\r\n\t[\/vc_column_inner][\/vc_row_inner][vc_row_inner css=&#8221;.vc_custom_1480013713667{margin-top: 60px !important;margin-bottom: 80px !important;}&#8221;][vc_column_inner width=&#8221;1\/3&#8243;][vc_gallery type=&#8221;image_grid&#8221; images=&#8221;3177,3176,3175,3174,3178,3040&#8243;][\/vc_column_inner][vc_column_inner width=&#8221;1\/3&#8243;][vc_gallery type=&#8221;image_grid&#8221; images=&#8221;2593,2607,2612,2624,2626,2628&#8243;][\/vc_column_inner][vc_column_inner width=&#8221;1\/3&#8243;][vc_gallery type=&#8221;image_grid&#8221; images=&#8221;3412,3374,3362,3360,3358,3356&#8243;][\/vc_column_inner][\/vc_row_inner][vc_row_inner][vc_column_inner]<div class=\"lc_button button_center\"><a href=\"https:\/\/ravingroup.org\/etkinlik-dj-muzik\/dahil-oldugumuz-etkinlikler\/\" alt=\"Tamam\u0131n\u0131 G\u00f6r\u00fcnt\u00fcle\">Tamam\u0131n\u0131 G\u00f6r\u00fcnt\u00fcle<\/a><\/div>[\/vc_column_inner][\/vc_row_inner][\/vc_column][\/vc_row][vc_row disable_element=&#8221;yes&#8221; js_color_overlay=&#8221;#f3f1f2&#8243; lc_swp_row_color_scheme=&#8221;black_on_white&#8221;][vc_column][vc_row_inner css=&#8221;.vc_custom_1480013705392{margin-top: 80px !important;margin-bottom: 60px !important;}&#8221;][vc_column_inner]\t\r\n\t<div class=\"lc_vc_section_title text_center\">\r\n\t\t<h2 class=\"section_title\">Ravin' <span class=\"lc_vibrant_color\">Soundcloud<\/span><\/h2>\r\n\t\t<h4 class=\"section_subtitle\">Hemen Takip Et<\/h4>\r\n\t<\/div>\r\n\t\r\n\t[\/vc_column_inner][\/vc_row_inner][vc_row_inner css=&#8221;.vc_custom_1480013713667{margin-top: 60px !important;margin-bottom: 80px !important;}&#8221;][vc_column_inner]\t<div class=\"lc_swp_boxed clearfix\">\r\n\t\t<div class=\"album_left vc_elem_album\">\r\n\t\t\t<a href=\"https:\/\/ravingroup.org\/en\/js_albums\/stereotypes\/\">\r\n\t\t\t\t<img loading=\"lazy\" decoding=\"async\" width=\"2736\" height=\"1824\" src=\"https:\/\/ravingroup.org\/wp-content\/uploads\/2019\/02\/slider1.jpg\" class=\"attachment-post-thumbnail size-post-thumbnail wp-post-image\" alt=\"\" srcset=\"https:\/\/ravingroup.org\/wp-content\/uploads\/2019\/02\/slider1.jpg 2736w, https:\/\/ravingroup.org\/wp-content\/uploads\/2019\/02\/slider1-300x200.jpg 300w, https:\/\/ravingroup.org\/wp-content\/uploads\/2019\/02\/slider1-768x512.jpg 768w, https:\/\/ravingroup.org\/wp-content\/uploads\/2019\/02\/slider1-1024x683.jpg 1024w\" sizes=\"auto, (max-width: 2736px) 100vw, 2736px\" \/>\t\t\t<\/a>\r\n\t\t<\/div>\r\n\t\t\r\n\t\t<div class=\"album_right vc_elem_album\">\r\n\t\t\t<iframe loading=\"lazy\" width=\"100%\" height=\"450\" scrolling=\"no\" frameborder=\"no\" src=\"https:\/\/w.soundcloud.com\/player\/?url=https%3A\/\/api.soundcloud.com\/users\/34765603&amp;color=%23ff5500&amp;auto_play=false&amp;hide_related=false&amp;show_comments=true&amp;show_user=true&amp;show_reposts=false&amp;show_teaser=true&amp;visual=true\"><\/iframe><div class=\"small_content_padding\"><\/div>\t\t\t<div class=\"lc_event_entry text_left\">\r\n\t\t\t\t\t\t\t\t\t<div class=\"lc_button album_buy_from\">\r\n\t\t\t\t\t\t<a href=\"http:\/\/www.amazon.com\">\r\n\t\t\t\t\t\t\tAmazon\t\t\t\t\t\t<\/a>\r\n\t\t\t\t\t<\/div>\r\n\t\t\t\t\r\n\t\t\t\t\t\t\t\t\t<div class=\"lc_button album_buy_from\">\r\n\t\t\t\t\t\t<a href=\"http:\/\/itunes.apple.com\">\r\n\t\t\t\t\t\t\tiTunes\t\t\t\t\t\t<\/a>\r\n\t\t\t\t\t<\/div>\r\n\t\t\t\t\r\n\t\t\t\t\t\t\t\t\t<div class=\"lc_button album_buy_from\">\r\n\t\t\t\t\t\t<a href=\"http:\/\/www.soundcloud.com\">\r\n\t\t\t\t\t\t\tSoundCloud\t\t\t\t\t\t<\/a>\r\n\t\t\t\t\t<\/div>\r\n\t\t\t\t\r\n\t\t\t\t\r\n\t\t\t\t\t\t\t\t\t<div class=\"lc_button album_buy_from\">\r\n\t\t\t\t\t\t<a href=\"https:\/\/play.google.com\/store\">\r\n\t\t\t\t\t\t\tGooglePlay\t\t\t\t\t\t<\/a>\r\n\t\t\t\t\t<\/div>\r\n\t\t\t\t\r\n\t\t\t\t\t\t\t<\/div>\t\t\t\r\n\t\t<\/div>\r\n\t\t\r\n\t<\/div>\r\n[\/vc_column_inner][\/vc_row_inner][\/vc_column][\/vc_row][vc_row js_color_overlay=&#8221;#282833&#8243; lc_swp_row_color_scheme=&#8221;white_on_black&#8221;][vc_column][vc_row_inner css=&#8221;.vc_custom_1480013935062{margin-top: 80px !important;margin-bottom: 60px !important;}&#8221;][vc_column_inner]\t\r\n\t<div class=\"lc_vc_section_title text_center\">\r\n\t\t<h2 class=\"section_title\">Ravin' <span class=\"lc_vibrant_color\">Galeri<\/span><\/h2>\r\n\t\t<h4 class=\"section_subtitle\">DJ Akademi<\/h4>\r\n\t<\/div>\r\n\t\r\n\t[\/vc_column_inner][\/vc_row_inner][vc_row_inner][vc_column_inner width=&#8221;1\/3&#8243;][vc_gallery type=&#8221;image_grid&#8221; images=&#8221;3675,3673,3671,3669,3667,3665,3663,3661,3659,3657&#8243;][\/vc_column_inner][vc_column_inner width=&#8221;1\/3&#8243;][vc_gallery type=&#8221;image_grid&#8221; images=&#8221;3651,3649,3647,3645,3643,3639,3637,3633,3631,3627&#8243;][\/vc_column_inner][vc_column_inner width=&#8221;1\/3&#8243;][vc_gallery type=&#8221;image_grid&#8221; images=&#8221;2540,2539,2538,2537,2535,2490,2488,2491,2475&#8243;][\/vc_column_inner][\/vc_row_inner][vc_row_inner][vc_column_inner]<div class=\"lc_button button_center\"><a href=\"https:\/\/ravingroup.org\/galeri\/\" alt=\"Tamam\u0131n\u0131 G\u00f6r\u00fcnt\u00fcle\">Tamam\u0131n\u0131 G\u00f6r\u00fcnt\u00fcle<\/a><\/div>[\/vc_column_inner][\/vc_row_inner][vc_empty_space height=&#8221;50px&#8221;][\/vc_column][\/vc_row][vc_row lc_swp_row_boxed_width=&#8221;force_boxed&#8221;][vc_column][vc_empty_space]\t\r\n\t<div class=\"lc_vc_section_title text_center\">\r\n\t\t<h2 class=\"section_title\">Ravin' <span class=\"lc_vibrant_color\">Was Here<\/span><\/h2>\r\n\t\t<h4 class=\"section_subtitle\"><\/h4>\r\n\t<\/div>\r\n\t\r\n\t[vc_row_inner][vc_column_inner width=&#8221;1\/4&#8243;][vc_column_text]-Sumahan<br \/>\n-Flamme Harbiye<br \/>\n-Mitte Karak\u00f6y<br \/>\n-F\u0131r\u0131n @the Cemetery<br \/>\n-Roxy (RX)<br \/>\n-Hypnos (Module)<br \/>\n-Beyond Akaretler<br \/>\n-Raum Akaretler<br \/>\n-Freya Akaretler<br \/>\n-Nest Karak\u00f6y<br \/>\n-Curtis Arnavutk\u00f6y<br \/>\n-Wom Karak\u00f6y[\/vc_column_text][\/vc_column_inner][vc_column_inner width=&#8221;1\/4&#8243;][vc_column_text]-Birdy Pera<br \/>\n-Birdy Teras<br \/>\n-Glow Taksim<br \/>\n-Mentha Nova<br \/>\n-Citizen \u0130stanbul<br \/>\n-Txm People\u2019s Roof<br \/>\n-Dentro Karak\u00f6y<br \/>\n-Berlin Line Karak\u00f6y<br \/>\n-Galaxias Pera<br \/>\n-Marjo Karak\u00f6y[\/vc_column_text][\/vc_column_inner][vc_column_inner width=&#8221;1\/4&#8243;][vc_column_text]-Under<br \/>\n-Hyatt Regency<br \/>\n-Ritz Carlton<br \/>\n-JW Marriott<br \/>\n-Kastel<br \/>\n-Skull&amp;Bones<br \/>\n-Milo Tower<br \/>\n-Sumaland<br \/>\n-Sky Karak\u00f6y[\/vc_column_text][\/vc_column_inner][vc_column_inner width=&#8221;1\/4&#8243;][vc_column_text]Kapal\u0131 Eventler Ravin\u2019 Crew<\/p>\n<p>-Villa Tarabya Vol.1<br \/>\n-Villa Tarabya Vol.2<br \/>\n-Villa Tarabya Vol.3<br \/>\n-Villa Tarabya Vol.4<\/p>\n<p>Dahil Oldu\u011fumuz Festivaller<\/p>\n<p>-Big Burn 2019 (An\u0131l Vardareli)<br \/>\n-Magic Break 2019 (An\u0131l Vardareli)<br \/>\n-Just Break 2019 (Gaidukova)<br \/>\n-Wake Board 2019 (Hande Tura)<br \/>\n-Kelebekler Vadisi 2018 (An\u0131l Vardareli)[\/vc_column_text][\/vc_column_inner][\/vc_row_inner][\/vc_column][\/vc_row][vc_row js_color_overlay=&#8221;rgba(255,255,255,0.01)&#8221; lc_swp_row_color_scheme=&#8221;black_on_white&#8221; css=&#8221;.vc_custom_1551879468127{background-color: #f4f4f4 !important;background-position: center !important;background-repeat: no-repeat !important;background-size: cover !important;}&#8221;][vc_column][vc_row_inner css=&#8221;.vc_custom_1480014094601{margin-top: 80px !important;margin-bottom: 60px !important;}&#8221;][vc_column_inner]\t\r\n\t<div class=\"lc_vc_section_title text_center\">\r\n\t\t<h2 class=\"section_title\">Ravin'<span class=\"lc_vibrant_color\"> Youtube<\/span><\/h2>\r\n\t\t<h4 class=\"section_subtitle\">Takipte Kal\u0131n<\/h4>\r\n\t<\/div>\r\n\t\r\n\t[\/vc_column_inner][\/vc_row_inner][vc_row_inner css=&#8221;.vc_custom_1480014213390{margin-top: 60px !important;margin-bottom: 80px !important;}&#8221;][vc_column_inner]\t\r\n\t<div class=\"lc_swp_boxed vc_video_container\">\r\n\t\t<div class=\"lc_embed_video_container_full\">\r\n\t\t\t\t\t\t\t\t<iframe src=\"https:\/\/www.youtube.com\/embed\/eAJP9tKnHiU?autoplay=0&amp;enablejsapi=1&amp;wmode=transparent&amp;rel=0&amp;showinfo=0\" allowfullscreen><\/iframe>';\r\n\t\t\t\t\t\t<\/div>\r\n\t<\/div>\r\n\t\r\n\t[\/vc_column_inner][\/vc_row_inner][\/vc_column][\/vc_row][vc_row][vc_column][vc_row_inner css=&#8221;.vc_custom_1480014608605{margin-top: 80px !important;margin-bottom: 60px !important;}&#8221;][vc_column_inner]\t\r\n\t<div class=\"lc_vc_section_title text_center\">\r\n\t\t<h2 class=\"section_title\">Son<span class=\"lc_vibrant_color\"> Haberler ve Etkinlikler<\/span><\/h2>\r\n\t\t<h4 class=\"section_subtitle\">Blog<\/h4>\r\n\t<\/div>\r\n\t\r\n\t[\/vc_column_inner][\/vc_row_inner][vc_row_inner css=&#8221;.vc_custom_1480016392227{margin-top: 60px !important;margin-bottom: 100px !important;}&#8221;][vc_column_inner][\/vc_column_inner][\/vc_row_inner][vc_row_inner][vc_column_inner][vc_single_image image=&#8221;2470&#8243; img_size=&#8221;full&#8221; alignment=&#8221;center&#8221;][\/vc_column_inner][\/vc_row_inner][vc_empty_space height=&#8221;50px&#8221;][\/vc_column][\/vc_row][vc_row disable_element=&#8221;yes&#8221; js_color_overlay=&#8221;#1d1d23&#8243; lc_swp_row_color_scheme=&#8221;white_on_black&#8221;][vc_column][vc_row_inner css=&#8221;.vc_custom_1480014278927{margin-top: 80px !important;margin-bottom: 60px !important;}&#8221;][vc_column_inner]\t\r\n\t<div class=\"lc_vc_section_title text_center\">\r\n\t\t<h2 class=\"section_title\">Bize <span class=\"lc_vibrant_color\">ula\u015f\u0131n!<\/span><\/h2>\r\n\t\t<h4 class=\"section_subtitle\">En k\u0131sa zamanda size d\u00f6nelim!<\/h4>\r\n\t<\/div>\r\n\t\r\n\t[\/vc_column_inner][\/vc_row_inner][vc_row_inner css=&#8221;.vc_custom_1480014287409{margin-top: 60px !important;margin-bottom: 80px !important;}&#8221;][vc_column_inner]\t<div class=\"lc_swp_boxed\">\r\n\t\t<div class=\"lucille_contactform vc_lc_contactform\">\r\n\t\t\t<form class=\"lucille_contactform\">\t\t\t\t\t\t\r\n\t\t\t\t<ul class=\"contactform_fields\">\r\n\r\n\t\t\t\t\t<li class=\"comment-form-author vc_lc_element lucille_cf_entry three_on_row three_on_row_layout\">\r\n\t\t\t\t\t\t<input type=\"text\" placeholder=\"Name \" name=\"contactName\" id=\"contactName\" class=\"lucille_cf_input required requiredField contactNameInput\" \/>\r\n\t\t\t\t\t\t<div class=\"lucille_cf_error\">Please enter your name<\/div>\r\n\t\t\t\t\t<\/li>\r\n\r\n\t\t\t\t\t<li class=\"comment-form-email vc_lc_element lucille_cf_entry three_on_row three_on_row_layout\">\r\n\t\t\t\t\t\t<input type=\"text\" placeholder=\"Email \" name=\"email\" id=\"contactemail\" class=\"lucille_cf_input required requiredField email\" \/>\r\n\t\t\t\t\t\t<div class=\"lucille_cf_error\">Please enter a correct email address<\/div>\r\n\t\t\t\t\t<\/li>\r\n\r\n\t\t\t\t\t<li class=\"comment-form-url vc_lc_element lucille_cf_entry three_on_row three_on_row_layout\">\r\n\t\t\t\t\t\t<input type=\"text\" placeholder=\"Phone \" name=\"phone\" id=\"phone\" class=\"lucille_cf_input\" \/>\r\n\t\t\t\t\t<\/li>\r\n\r\n\t\t\t\t\t<li class=\"comment-form-comment vc_lc_element lucille_cf_entry\">\r\n\t\t\t\t\t\t<textarea name=\"comments\" placeholder=\"Message \" id=\"commentsText\" rows=\"10\" cols=\"30\" class=\"lucille_cf_input required requiredField contactMessageInput\"><\/textarea>\r\n\t\t\t\t\t\t<div class=\"lucille_cf_error\">Please enter a message<\/div>\r\n\t\t\t\t\t<\/li>\r\n\r\n\t\t\t\t\t<li class=\"captcha_error lucille_cf_error\">\r\n\t\t\t\t\t\t<span class=\"error\">Incorrect reCaptcha. Please enter reCaptcha challenge.<\/span>\r\n\t\t\t\t\t<\/li>\r\n\r\n\t\t\t\t\t<li class=\"wp_mail_error\">\r\n\t\t\t\t\t\t<div class=\"lucille_cf_error\">Cannot send mail, an error occurred while delivering this message. Please try again later.<\/div>\r\n\t\t\t\t\t<\/li>\t\r\n\r\n\t\t\t\t\t<li class=\"formResultOK\">\r\n\t\t\t\t\t\t<div class=\"lucille_cf_error\">Your message was sent successfully. Thanks!<\/div>\r\n\t\t\t\t\t<\/li>\r\n\t\t\t\t\t\t\t\t\t\t<li>\r\n\t\t\t\t\t\t<input name=\"Button1\" type=\"submit\" id=\"submit\" class=\"lc_button\" value=\"Send Email\" >\r\n\t\t\t\t\t\t\t\t\t\t\t<\/li>\r\n\r\n\t\t\t\t<\/ul>\r\n\t\t\t\t<input type=\"hidden\" name=\"action\" value=\"lucillecontactform_action\" \/>\r\n\t\t\t\t<input type=\"hidden\" id=\"contactform_nonce\" name=\"contactform_nonce\" value=\"19ba93cd93\" \/><input type=\"hidden\" name=\"_wp_http_referer\" value=\"\/en\/wp-json\/wp\/v2\/pages\/3259\" \/>\t\t\t<\/form>\r\n\t\t<\/div>\r\n\t<\/div>\r\n\t[\/vc_column_inner][\/vc_row_inner][\/vc_column][\/vc_row]<\/p>\n<\/div>","protected":false},"excerpt":{"rendered":"<p>[vc_row][vc_column][rev_slider_vc alias=&#8221;slider-1&#8243;][\/vc_column][\/vc_row][vc_row css=&#8221;.vc_custom_1501236257880{padding-top: 70px !important;padding-bottom: 80px !important;}&#8221;][vc_column][vc_gallery type=&#8221;image_grid&#8221; images=&#8221;3729,3731,3733,3727,3725,3805,3803,3801&#8243; img_size=&#8221;350&#215;350&#8243;][vc_row_inner][vc_column_inner width=&#8221;1\/2&#8243;][vc_column_text][\/vc_column_text][vc_single_image image=&#8221;2920&#8243; img_size=&#8221;full&#8221;][\/vc_column_inner][vc_column_inner width=&#8221;1\/2&#8243;][vc_column_text] [\/vc_column_text][vc_single_image image=&#8221;3115&#8243; img_size=&#8221;full&#8221;][\/vc_column_inner][\/vc_row_inner][\/vc_column][\/vc_row][vc_row full_width=&#8221;stretch_row&#8221; js_color_overlay=&#8221;#ffffff&#8221; lc_swp_row_color_scheme=&#8221;black_on_white&#8221;][vc_column][vc_empty_space][vc_empty_space][vc_row_inner disable_element=&#8221;yes&#8221;][vc_column_inner width=&#8221;1\/4&#8243;][\/vc_column_inner][vc_column_inner width=&#8221;1\/4&#8243;][vc_single_image image=&#8221;3172&#8243; img_size=&#8221;270*480&#8243; alignment=&#8221;center&#8221; onclick=&#8221;link_image&#8221;][\/vc_column_inner][vc_column_inner width=&#8221;1\/4&#8243;][vc_empty_space height=&#8221;64px&#8221;][vc_empty_space height=&#8221;64px&#8221;][vc_column_text] [\/vc_column_text][\/vc_column_inner][vc_column_inner width=&#8221;1\/4&#8243;][\/vc_column_inner][\/vc_row_inner][vc_row_inner][vc_column_inner width=&#8221;1\/4&#8243;][\/vc_column_inner][vc_column_inner width=&#8221;1\/4&#8243;][\/vc_column_inner][\/vc_row_inner][\/vc_column][\/vc_row][vc_row disable_element=&#8221;yes&#8221; css=&#8221;.vc_custom_1568591624459{padding-top: 70px !important;padding-bottom: 80px !important;}&#8221;][vc_column][\/vc_column][\/vc_row][vc_row&#8230;<\/p>\n","protected":false},"author":1,"featured_media":0,"parent":0,"menu_order":0,"comment_status":"closed","ping_status":"closed","template":"template-visual-composer.php","meta":{"_joinchat":[],"footnotes":""},"class_list":["post-3259","page","type-page","status-publish","hentry"],"_links":{"self":[{"href":"https:\/\/ravingroup.org\/en\/wp-json\/wp\/v2\/pages\/3259","targetHints":{"allow":["GET"]}}],"collection":[{"href":"https:\/\/ravingroup.org\/en\/wp-json\/wp\/v2\/pages"}],"about":[{"href":"https:\/\/ravingroup.org\/en\/wp-json\/wp\/v2\/types\/page"}],"author":[{"embeddable":true,"href":"https:\/\/ravingroup.org\/en\/wp-json\/wp\/v2\/users\/1"}],"replies":[{"embeddable":true,"href":"https:\/\/ravingroup.org\/en\/wp-json\/wp\/v2\/comments?post=3259"}],"version-history":[{"count":122,"href":"https:\/\/ravingroup.org\/en\/wp-json\/wp\/v2\/pages\/3259\/revisions"}],"predecessor-version":[{"id":3865,"href":"https:\/\/ravingroup.org\/en\/wp-json\/wp\/v2\/pages\/3259\/revisions\/3865"}],"wp:attachment":[{"href":"https:\/\/ravingroup.org\/en\/wp-json\/wp\/v2\/media?parent=3259"}],"curies":[{"name":"wp","href":"https:\/\/api.w.org\/{rel}","templated":true}]}}