{"id":3241,"date":"2019-02-21T00:14:34","date_gmt":"2019-02-20T21:14:34","guid":{"rendered":"http:\/\/ravingroup.org\/hakkimizda\/"},"modified":"2019-11-13T18:11:30","modified_gmt":"2019-11-13T15:11:30","slug":"about-us","status":"publish","type":"page","link":"https:\/\/ravingroup.org\/en\/about-us\/","title":{"rendered":"About Us"},"content":{"rendered":"<div class=\"wpb-content-wrapper\"><p>[vc_row][vc_column][vc_column_text]<\/p>\n<p style=\"color: black; text-align: center;\"><span style=\"font-size: large;\"><strong> An\u0131l Vardareli, founder of the Ravin\u2019 Group brand, besides his career as a DJ; in 2016, Ravin\u2019 DJ Academy<br \/>\nwas launched. In 2019, one of the Turkey\u2019s most picked universites under the umbrella of T.C Kultur<br \/>\nUniversity, Kultur Dj Akademi Powered by Ravin\u2019has signed a business partnership. Together with more<br \/>\nthan 100 students, it has become one of the important figures of the Istanbul electronic music<br \/>\ncommunity by carrying out nearly 150 events.<\/strong><br \/>\n<\/span><\/p>\n<p>[\/vc_column_text][\/vc_column][\/vc_row][vc_row][vc_column width=&#8221;1\/2&#8243;][vc_column_text]<\/p>\n<p style=\"color: black; text-align: left;\"><span style=\"font-size: large;\">Ravin\u2019, who laid the foundation in 2006, experienced its first excitement in Mirror, one of the<br \/>\nmost popular places of its time in Florya, with an extraordinary organization attended by about<br \/>\n600 participants. Since 2006, he has continued to lead quality and diverse works in the fields of<br \/>\nOrganization, Event, DJ and Music. He added the names of house music enthusiasts, who<br \/>\nperformed in venues in Istanbul, \u00c7e\u015fme and Bodrum, to his team.<br \/>\nIn 2014, Ravin\u2019 team was established in OnOff Karak\u00f6y where our founder An\u0131l Vardareli was in<br \/>\nthe management staff and then at Txm People\u2019s Roof. Continued to grow and develop by<br \/>\nworking in various fields including music directorate, PR, brand and logo design. When Ravin<br \/>\nGroup signed the first and only closed villa party series of Istanbul (Villa Tarabya 1,2,3,4) in<br \/>\n2016, it became known to a much larger audience with these unforgettable 4 legendary parties.<\/span><\/p>\n<p>[\/vc_column_text][vc_row_inner][vc_column_inner][vc_single_image image=&#8221;2843&#8243; img_size=&#8221;full&#8221; alignment=&#8221;center&#8221; onclick=&#8221;link_image&#8221;][\/vc_column_inner][\/vc_row_inner][vc_row_inner][vc_column_inner][\/vc_column_inner][\/vc_row_inner][vc_row_inner][vc_column_inner][\/vc_column_inner][\/vc_row_inner][\/vc_column][vc_column width=&#8221;1\/2&#8243;][vc_single_image image=&#8221;2842&#8243; img_size=&#8221;full&#8221; alignment=&#8221;center&#8221; onclick=&#8221;link_image&#8221;][vc_row_inner][vc_column_inner][vc_column_text]<\/p>\n<p style=\"color: black; text-align: left;\"><span style=\"font-size: large;\">Ravin &#8216;Dj &amp; Production Studio in Karak\u00f6y and Kultur Dj Academy Powered by Ravin for the students and<br \/>\nthe successful names he added to his team in previous years; Flamme (Klein), Sumahan, Mitte, Sinn<br \/>\nEtiler, Bonn, Glow, Beyond, Raum, Birdy, Freya, Wom, Sin Etiler, Hpynos (Module), Anton Peran, Roxy<br \/>\n(RX), Birdy Pera, F\u0131r\u0131n at the Cemetry, Raum Akaretler, Hobo Ortak\u00f6y, Curtis Arnavutk\u00f6y, Nest Karak\u00f6y,<br \/>\nMentha Nova, Dentro Karak\u00f6y, Berlin Line, such as the opportunity to take the stage in Istanbul&#8217;s most<br \/>\npopular attractions. At the same time, An\u0131l Vardareli and some of his students took part in the booth at<br \/>\nBig Burn 2019 Festival, Magic Break 2019 Festival, Just Break 2019 Antalya Festival and Butterfly Valley<br \/>\n2018 Festival and continued to reach Ravin&#8217;s name and music line to the masses.<br \/>\nRavin\u2019 educates the students it teaches by dealing with everything they may need during their careers<br \/>\nfrom A to Z and collating them with different education and training strategies. Ravin, the students who<br \/>\nhave completed their education, necessarily start their careers. As of 2019, Ravin\u2019 can also manage his<br \/>\nstudents under the roof of Ravin Group.<\/span><\/p>\n<p>[\/vc_column_text][\/vc_column_inner][\/vc_row_inner][\/vc_column][\/vc_row][vc_row][vc_column][vc_column_text]<\/p>\n<p style=\"color: black; text-align: center;\"><span style=\"font-size: large;\">Ravin \u2019Group, which started its adventure with its party series where music, rhythm and dance is the<br \/>\nmain target, which breaks the hierarchical understanding, continues to enlarge and develop its story in<br \/>\norder to realize the moments you are excited and dreamed of.<\/span><\/p>\n<p>[\/vc_column_text][vc_column_text]<\/p>\n<p style=\"color: black; text-align: right;\"><span style=\"font-size: large;\">Ravin&#8217; Family<\/span><\/p>\n<p>[\/vc_column_text][\/vc_column][\/vc_row][vc_row][vc_column]<div class=\"lc_swp_justified_gallery\" data-rheight=\"180\"><div class=\"img_box\"><div class=\"gallery_brick_overlay\"><\/div><a href=\"https:\/\/ravingroup.org\/wp-content\/uploads\/2019\/03\/518bdefa-06e4-466d-8b9f-e0a12cfa110e-1.jpg\" data-lightbox=\"photoAlbum1186875815\"><img loading=\"lazy\" decoding=\"async\" width=\"1600\" height=\"1200\" src=\"https:\/\/ravingroup.org\/wp-content\/uploads\/2019\/03\/518bdefa-06e4-466d-8b9f-e0a12cfa110e-1.jpg\" class=\"attachment-full size-full\" alt=\"\" srcset=\"https:\/\/ravingroup.org\/wp-content\/uploads\/2019\/03\/518bdefa-06e4-466d-8b9f-e0a12cfa110e-1.jpg 1600w, https:\/\/ravingroup.org\/wp-content\/uploads\/2019\/03\/518bdefa-06e4-466d-8b9f-e0a12cfa110e-1-300x225.jpg 300w, https:\/\/ravingroup.org\/wp-content\/uploads\/2019\/03\/518bdefa-06e4-466d-8b9f-e0a12cfa110e-1-768x576.jpg 768w, https:\/\/ravingroup.org\/wp-content\/uploads\/2019\/03\/518bdefa-06e4-466d-8b9f-e0a12cfa110e-1-1024x768.jpg 1024w\" sizes=\"auto, (max-width: 1600px) 100vw, 1600px\" \/><\/a><\/div><div class=\"img_box\"><div class=\"gallery_brick_overlay\"><\/div><a href=\"https:\/\/ravingroup.org\/wp-content\/uploads\/2019\/03\/36908a5f-7693-483e-b9f9-9c995ad2291f.jpg\" data-lightbox=\"photoAlbum1186875815\"><img loading=\"lazy\" decoding=\"async\" width=\"409\" height=\"740\" src=\"https:\/\/ravingroup.org\/wp-content\/uploads\/2019\/03\/36908a5f-7693-483e-b9f9-9c995ad2291f.jpg\" class=\"attachment-full size-full\" alt=\"\" srcset=\"https:\/\/ravingroup.org\/wp-content\/uploads\/2019\/03\/36908a5f-7693-483e-b9f9-9c995ad2291f.jpg 409w, https:\/\/ravingroup.org\/wp-content\/uploads\/2019\/03\/36908a5f-7693-483e-b9f9-9c995ad2291f-166x300.jpg 166w\" sizes=\"auto, (max-width: 409px) 100vw, 409px\" \/><\/a><\/div><div class=\"img_box\"><div class=\"gallery_brick_overlay\"><\/div><a href=\"https:\/\/ravingroup.org\/wp-content\/uploads\/2019\/03\/a7b6a36b-e4a9-4000-8127-3a4711741206.jpg\" data-lightbox=\"photoAlbum1186875815\"><img loading=\"lazy\" decoding=\"async\" width=\"407\" height=\"735\" src=\"https:\/\/ravingroup.org\/wp-content\/uploads\/2019\/03\/a7b6a36b-e4a9-4000-8127-3a4711741206.jpg\" class=\"attachment-full size-full\" alt=\"\" srcset=\"https:\/\/ravingroup.org\/wp-content\/uploads\/2019\/03\/a7b6a36b-e4a9-4000-8127-3a4711741206.jpg 407w, https:\/\/ravingroup.org\/wp-content\/uploads\/2019\/03\/a7b6a36b-e4a9-4000-8127-3a4711741206-166x300.jpg 166w\" sizes=\"auto, (max-width: 407px) 100vw, 407px\" \/><\/a><\/div><div class=\"img_box\"><div class=\"gallery_brick_overlay\"><\/div><a href=\"https:\/\/ravingroup.org\/wp-content\/uploads\/2019\/03\/e5f05856-8535-49b0-898d-7b0bd0270573.jpg\" data-lightbox=\"photoAlbum1186875815\"><img loading=\"lazy\" decoding=\"async\" width=\"420\" height=\"746\" src=\"https:\/\/ravingroup.org\/wp-content\/uploads\/2019\/03\/e5f05856-8535-49b0-898d-7b0bd0270573.jpg\" class=\"attachment-full size-full\" alt=\"\" srcset=\"https:\/\/ravingroup.org\/wp-content\/uploads\/2019\/03\/e5f05856-8535-49b0-898d-7b0bd0270573.jpg 420w, https:\/\/ravingroup.org\/wp-content\/uploads\/2019\/03\/e5f05856-8535-49b0-898d-7b0bd0270573-169x300.jpg 169w\" sizes=\"auto, (max-width: 420px) 100vw, 420px\" \/><\/a><\/div><div class=\"img_box\"><div class=\"gallery_brick_overlay\"><\/div><a href=\"https:\/\/ravingroup.org\/wp-content\/uploads\/2019\/03\/edf74137-7a7f-4e43-8db9-4ed9b923aefb.jpg\" data-lightbox=\"photoAlbum1186875815\"><img loading=\"lazy\" decoding=\"async\" width=\"413\" height=\"743\" src=\"https:\/\/ravingroup.org\/wp-content\/uploads\/2019\/03\/edf74137-7a7f-4e43-8db9-4ed9b923aefb.jpg\" class=\"attachment-full size-full\" alt=\"\" srcset=\"https:\/\/ravingroup.org\/wp-content\/uploads\/2019\/03\/edf74137-7a7f-4e43-8db9-4ed9b923aefb.jpg 413w, https:\/\/ravingroup.org\/wp-content\/uploads\/2019\/03\/edf74137-7a7f-4e43-8db9-4ed9b923aefb-167x300.jpg 167w\" sizes=\"auto, (max-width: 413px) 100vw, 413px\" \/><\/a><\/div><div class=\"img_box\"><div class=\"gallery_brick_overlay\"><\/div><a href=\"https:\/\/ravingroup.org\/wp-content\/uploads\/2019\/03\/Enlight16.jpg\" data-lightbox=\"photoAlbum1186875815\"><img loading=\"lazy\" decoding=\"async\" width=\"1008\" height=\"681\" src=\"https:\/\/ravingroup.org\/wp-content\/uploads\/2019\/03\/Enlight16.jpg\" class=\"attachment-full size-full\" alt=\"\" srcset=\"https:\/\/ravingroup.org\/wp-content\/uploads\/2019\/03\/Enlight16.jpg 1008w, https:\/\/ravingroup.org\/wp-content\/uploads\/2019\/03\/Enlight16-300x203.jpg 300w, https:\/\/ravingroup.org\/wp-content\/uploads\/2019\/03\/Enlight16-768x519.jpg 768w\" sizes=\"auto, (max-width: 1008px) 100vw, 1008px\" \/><\/a><\/div><div class=\"img_box\"><div class=\"gallery_brick_overlay\"><\/div><a href=\"https:\/\/ravingroup.org\/wp-content\/uploads\/2019\/03\/Enlight37.jpg\" data-lightbox=\"photoAlbum1186875815\"><img loading=\"lazy\" decoding=\"async\" width=\"1280\" height=\"853\" src=\"https:\/\/ravingroup.org\/wp-content\/uploads\/2019\/03\/Enlight37.jpg\" class=\"attachment-full size-full\" alt=\"\" srcset=\"https:\/\/ravingroup.org\/wp-content\/uploads\/2019\/03\/Enlight37.jpg 1280w, https:\/\/ravingroup.org\/wp-content\/uploads\/2019\/03\/Enlight37-300x200.jpg 300w, https:\/\/ravingroup.org\/wp-content\/uploads\/2019\/03\/Enlight37-768x512.jpg 768w, https:\/\/ravingroup.org\/wp-content\/uploads\/2019\/03\/Enlight37-1024x682.jpg 1024w\" sizes=\"auto, (max-width: 1280px) 100vw, 1280px\" \/><\/a><\/div><div class=\"img_box\"><div class=\"gallery_brick_overlay\"><\/div><a href=\"https:\/\/ravingroup.org\/wp-content\/uploads\/2019\/03\/Enlight52.jpg\" data-lightbox=\"photoAlbum1186875815\"><img loading=\"lazy\" decoding=\"async\" width=\"1280\" height=\"853\" src=\"https:\/\/ravingroup.org\/wp-content\/uploads\/2019\/03\/Enlight52.jpg\" class=\"attachment-full size-full\" alt=\"\" srcset=\"https:\/\/ravingroup.org\/wp-content\/uploads\/2019\/03\/Enlight52.jpg 1280w, https:\/\/ravingroup.org\/wp-content\/uploads\/2019\/03\/Enlight52-300x200.jpg 300w, https:\/\/ravingroup.org\/wp-content\/uploads\/2019\/03\/Enlight52-768x512.jpg 768w, https:\/\/ravingroup.org\/wp-content\/uploads\/2019\/03\/Enlight52-1024x682.jpg 1024w\" sizes=\"auto, (max-width: 1280px) 100vw, 1280px\" \/><\/a><\/div><div class=\"img_box\"><div class=\"gallery_brick_overlay\"><\/div><a href=\"https:\/\/ravingroup.org\/wp-content\/uploads\/2019\/03\/IMG_4957.jpeg\" data-lightbox=\"photoAlbum1186875815\"><img loading=\"lazy\" decoding=\"async\" width=\"1280\" height=\"1280\" src=\"https:\/\/ravingroup.org\/wp-content\/uploads\/2019\/03\/IMG_4957.jpeg\" class=\"attachment-full size-full\" alt=\"\" srcset=\"https:\/\/ravingroup.org\/wp-content\/uploads\/2019\/03\/IMG_4957.jpeg 1280w, https:\/\/ravingroup.org\/wp-content\/uploads\/2019\/03\/IMG_4957-150x150.jpeg 150w, https:\/\/ravingroup.org\/wp-content\/uploads\/2019\/03\/IMG_4957-300x300.jpeg 300w, https:\/\/ravingroup.org\/wp-content\/uploads\/2019\/03\/IMG_4957-768x768.jpeg 768w, https:\/\/ravingroup.org\/wp-content\/uploads\/2019\/03\/IMG_4957-1024x1024.jpeg 1024w\" sizes=\"auto, (max-width: 1280px) 100vw, 1280px\" \/><\/a><\/div><div class=\"img_box\"><div class=\"gallery_brick_overlay\"><\/div><a href=\"https:\/\/ravingroup.org\/wp-content\/uploads\/2019\/03\/IMG_5032.png\" data-lightbox=\"photoAlbum1186875815\"><img loading=\"lazy\" decoding=\"async\" width=\"1242\" height=\"2208\" src=\"https:\/\/ravingroup.org\/wp-content\/uploads\/2019\/03\/IMG_5032.png\" class=\"attachment-full size-full\" alt=\"\" srcset=\"https:\/\/ravingroup.org\/wp-content\/uploads\/2019\/03\/IMG_5032.png 1242w, https:\/\/ravingroup.org\/wp-content\/uploads\/2019\/03\/IMG_5032-169x300.png 169w, https:\/\/ravingroup.org\/wp-content\/uploads\/2019\/03\/IMG_5032-768x1365.png 768w, https:\/\/ravingroup.org\/wp-content\/uploads\/2019\/03\/IMG_5032-576x1024.png 576w\" sizes=\"auto, (max-width: 1242px) 100vw, 1242px\" \/><\/a><\/div><div class=\"img_box\"><div class=\"gallery_brick_overlay\"><\/div><a href=\"https:\/\/ravingroup.org\/wp-content\/uploads\/2019\/03\/IMG_8928.jpeg\" data-lightbox=\"photoAlbum1186875815\"><img loading=\"lazy\" decoding=\"async\" width=\"640\" height=\"295\" src=\"https:\/\/ravingroup.org\/wp-content\/uploads\/2019\/03\/IMG_8928.jpeg\" class=\"attachment-full size-full\" alt=\"\" srcset=\"https:\/\/ravingroup.org\/wp-content\/uploads\/2019\/03\/IMG_8928.jpeg 640w, https:\/\/ravingroup.org\/wp-content\/uploads\/2019\/03\/IMG_8928-300x138.jpeg 300w\" sizes=\"auto, (max-width: 640px) 100vw, 640px\" \/><\/a><\/div><div class=\"img_box\"><div class=\"gallery_brick_overlay\"><\/div><a href=\"https:\/\/ravingroup.org\/wp-content\/uploads\/2019\/03\/ravin-logo-arka-fon-siyah.jpeg\" data-lightbox=\"photoAlbum1186875815\"><img loading=\"lazy\" decoding=\"async\" width=\"1193\" height=\"1193\" src=\"https:\/\/ravingroup.org\/wp-content\/uploads\/2019\/03\/ravin-logo-arka-fon-siyah.jpeg\" class=\"attachment-full size-full\" alt=\"\" srcset=\"https:\/\/ravingroup.org\/wp-content\/uploads\/2019\/03\/ravin-logo-arka-fon-siyah.jpeg 1193w, https:\/\/ravingroup.org\/wp-content\/uploads\/2019\/03\/ravin-logo-arka-fon-siyah-150x150.jpeg 150w, https:\/\/ravingroup.org\/wp-content\/uploads\/2019\/03\/ravin-logo-arka-fon-siyah-300x300.jpeg 300w, https:\/\/ravingroup.org\/wp-content\/uploads\/2019\/03\/ravin-logo-arka-fon-siyah-768x768.jpeg 768w, https:\/\/ravingroup.org\/wp-content\/uploads\/2019\/03\/ravin-logo-arka-fon-siyah-1024x1024.jpeg 1024w\" sizes=\"auto, (max-width: 1193px) 100vw, 1193px\" \/><\/a><\/div><div class=\"img_box\"><div class=\"gallery_brick_overlay\"><\/div><a href=\"https:\/\/ravingroup.org\/wp-content\/uploads\/2019\/03\/IMG_4835.jpg\" data-lightbox=\"photoAlbum1186875815\"><img loading=\"lazy\" decoding=\"async\" width=\"1240\" height=\"867\" src=\"https:\/\/ravingroup.org\/wp-content\/uploads\/2019\/03\/IMG_4835.jpg\" class=\"attachment-full size-full\" alt=\"\" srcset=\"https:\/\/ravingroup.org\/wp-content\/uploads\/2019\/03\/IMG_4835.jpg 1240w, https:\/\/ravingroup.org\/wp-content\/uploads\/2019\/03\/IMG_4835-300x210.jpg 300w, https:\/\/ravingroup.org\/wp-content\/uploads\/2019\/03\/IMG_4835-768x537.jpg 768w, https:\/\/ravingroup.org\/wp-content\/uploads\/2019\/03\/IMG_4835-1024x716.jpg 1024w\" sizes=\"auto, (max-width: 1240px) 100vw, 1240px\" \/><\/a><\/div><\/div>[\/vc_column][\/vc_row][vc_row full_width=&#8221;stretch_row&#8221; js_color_overlay=&#8221;#0c0c0c&#8221;][vc_column][vc_single_image image=&#8221;2470&#8243; img_size=&#8221;full&#8221; alignment=&#8221;center&#8221;][\/vc_column][\/vc_row]<\/p>\n<\/div>","protected":false},"excerpt":{"rendered":"<p>[vc_row][vc_column][vc_column_text] An\u0131l Vardareli, founder of the Ravin\u2019 Group brand, besides his career as a DJ; in 2016, Ravin\u2019 DJ Academy was launched. In 2019, one of the Turkey\u2019s most picked universites under the umbrella of T.C Kultur University, Kultur Dj&#8230;<\/p>\n","protected":false},"author":1,"featured_media":0,"parent":0,"menu_order":0,"comment_status":"closed","ping_status":"closed","template":"","meta":{"_joinchat":[],"footnotes":""},"class_list":["post-3241","page","type-page","status-publish","hentry"],"_links":{"self":[{"href":"https:\/\/ravingroup.org\/en\/wp-json\/wp\/v2\/pages\/3241","targetHints":{"allow":["GET"]}}],"collection":[{"href":"https:\/\/ravingroup.org\/en\/wp-json\/wp\/v2\/pages"}],"about":[{"href":"https:\/\/ravingroup.org\/en\/wp-json\/wp\/v2\/types\/page"}],"author":[{"embeddable":true,"href":"https:\/\/ravingroup.org\/en\/wp-json\/wp\/v2\/users\/1"}],"replies":[{"embeddable":true,"href":"https:\/\/ravingroup.org\/en\/wp-json\/wp\/v2\/comments?post=3241"}],"version-history":[{"count":3,"href":"https:\/\/ravingroup.org\/en\/wp-json\/wp\/v2\/pages\/3241\/revisions"}],"predecessor-version":[{"id":3245,"href":"https:\/\/ravingroup.org\/en\/wp-json\/wp\/v2\/pages\/3241\/revisions\/3245"}],"wp:attachment":[{"href":"https:\/\/ravingroup.org\/en\/wp-json\/wp\/v2\/media?parent=3241"}],"curies":[{"name":"wp","href":"https:\/\/api.w.org\/{rel}","templated":true}]}}